{"id":51,"date":"2020-04-19T09:41:59","date_gmt":"2020-04-19T07:41:59","guid":{"rendered":"https:\/\/wuerfelversum.de\/?page_id=51"},"modified":"2023-04-16T12:22:39","modified_gmt":"2023-04-16T10:22:39","slug":"feuerkunst-led-tanz","status":"publish","type":"page","link":"https:\/\/wuerfelversum.de\/index.php\/feuerkunst-led-tanz\/","title":{"rendered":"Feuerkunst &#038; LED-Tanz"},"content":{"rendered":"\n<p>Ich biete Feuer- und LED-Shows zu besonderen Anl\u00e4ssen wie Geburtstage, Gesch\u00e4ftser\u00f6ffnungen, Events, Hochzeiten etc. an. Durch Corona m\u00fcssen wir schauen, in wie fern wir die Show durchziehen k\u00f6nnen. Anfragen und Buchungen werden aber weiterhin gern angenommen. <\/p>\n\n\n\n<p><strong>Das Besondere?<\/strong><\/p>\n\n\n\n<p>Ansehen ist gut und sch\u00f6n, aber die G\u00e4ste gehen mit nur einem m\u00e4\u00dfigen Gl\u00fccksgef\u00fchl nach Hause. Mitmachen ist viel besser und ein wahres Erlebnis. Wie das geht? Unter Anleitung haben die G\u00e4ste die M\u00f6glichkeit, selbst einmal Feuer zu spucken.<\/p>\n\n\n\n<figure class=\"wp-block-image size-large\"><img loading=\"lazy\" decoding=\"async\" width=\"1024\" height=\"683\" src=\"https:\/\/wuerfelversum.de\/wp-content\/uploads\/2020\/04\/IMG_1869_1-1024x683.jpg\" alt=\"\" class=\"wp-image-56\" srcset=\"https:\/\/wuerfelversum.de\/wp-content\/uploads\/2020\/04\/IMG_1869_1-1024x683.jpg 1024w, https:\/\/wuerfelversum.de\/wp-content\/uploads\/2020\/04\/IMG_1869_1-300x200.jpg 300w, https:\/\/wuerfelversum.de\/wp-content\/uploads\/2020\/04\/IMG_1869_1-768x512.jpg 768w, https:\/\/wuerfelversum.de\/wp-content\/uploads\/2020\/04\/IMG_1869_1.jpg 1500w\" sizes=\"auto, (max-width: 1024px) 100vw, 1024px\" \/><\/figure>\n\n\n\n<figure class=\"wp-block-image size-large\"><img loading=\"lazy\" decoding=\"async\" width=\"1024\" height=\"683\" src=\"https:\/\/wuerfelversum.de\/wp-content\/uploads\/2020\/04\/IMG_1856-1024x683.jpg\" alt=\"\" class=\"wp-image-57\" srcset=\"https:\/\/wuerfelversum.de\/wp-content\/uploads\/2020\/04\/IMG_1856-1024x683.jpg 1024w, https:\/\/wuerfelversum.de\/wp-content\/uploads\/2020\/04\/IMG_1856-300x200.jpg 300w, https:\/\/wuerfelversum.de\/wp-content\/uploads\/2020\/04\/IMG_1856-768x512.jpg 768w, https:\/\/wuerfelversum.de\/wp-content\/uploads\/2020\/04\/IMG_1856.jpg 1500w\" sizes=\"auto, (max-width: 1024px) 100vw, 1024px\" \/><\/figure>\n\n\n\n<figure class=\"wp-block-image size-large\"><img loading=\"lazy\" decoding=\"async\" width=\"600\" height=\"398\" src=\"https:\/\/wuerfelversum.de\/wp-content\/uploads\/2020\/10\/007_b.jpg\" alt=\"\" class=\"wp-image-120\" srcset=\"https:\/\/wuerfelversum.de\/wp-content\/uploads\/2020\/10\/007_b.jpg 600w, https:\/\/wuerfelversum.de\/wp-content\/uploads\/2020\/10\/007_b-300x199.jpg 300w\" sizes=\"auto, (max-width: 600px) 100vw, 600px\" \/><\/figure>\n\n\n\n<figure class=\"wp-block-image size-large\"><img loading=\"lazy\" decoding=\"async\" width=\"1024\" height=\"768\" src=\"https:\/\/wuerfelversum.de\/wp-content\/uploads\/2020\/10\/006.jpg\" alt=\"\" class=\"wp-image-121\" srcset=\"https:\/\/wuerfelversum.de\/wp-content\/uploads\/2020\/10\/006.jpg 1024w, https:\/\/wuerfelversum.de\/wp-content\/uploads\/2020\/10\/006-300x225.jpg 300w, https:\/\/wuerfelversum.de\/wp-content\/uploads\/2020\/10\/006-768x576.jpg 768w\" sizes=\"auto, (max-width: 1024px) 100vw, 1024px\" \/><\/figure>\n\n\n\n<figure class=\"wp-block-image size-large\"><img loading=\"lazy\" decoding=\"async\" width=\"1024\" height=\"768\" src=\"https:\/\/wuerfelversum.de\/wp-content\/uploads\/2020\/10\/DSCN0306.jpg\" alt=\"\" class=\"wp-image-122\" srcset=\"https:\/\/wuerfelversum.de\/wp-content\/uploads\/2020\/10\/DSCN0306.jpg 1024w, https:\/\/wuerfelversum.de\/wp-content\/uploads\/2020\/10\/DSCN0306-300x225.jpg 300w, https:\/\/wuerfelversum.de\/wp-content\/uploads\/2020\/10\/DSCN0306-768x576.jpg 768w\" sizes=\"auto, (max-width: 1024px) 100vw, 1024px\" \/><\/figure>\n\n\n\n<figure class=\"wp-block-image size-large\"><img loading=\"lazy\" decoding=\"async\" width=\"378\" height=\"452\" src=\"https:\/\/wuerfelversum.de\/wp-content\/uploads\/2020\/10\/007.jpg\" alt=\"\" class=\"wp-image-123\" srcset=\"https:\/\/wuerfelversum.de\/wp-content\/uploads\/2020\/10\/007.jpg 378w, https:\/\/wuerfelversum.de\/wp-content\/uploads\/2020\/10\/007-251x300.jpg 251w\" sizes=\"auto, (max-width: 378px) 100vw, 378px\" \/><\/figure>\n\n\n\n<figure class=\"wp-block-image size-large\"><img loading=\"lazy\" decoding=\"async\" width=\"1024\" height=\"768\" src=\"https:\/\/wuerfelversum.de\/wp-content\/uploads\/2020\/10\/WhatsApp-Image-2019-12-09-at-14.37.17-1024x768.jpeg\" alt=\"\" class=\"wp-image-130\" srcset=\"https:\/\/wuerfelversum.de\/wp-content\/uploads\/2020\/10\/WhatsApp-Image-2019-12-09-at-14.37.17-1024x768.jpeg 1024w, https:\/\/wuerfelversum.de\/wp-content\/uploads\/2020\/10\/WhatsApp-Image-2019-12-09-at-14.37.17-300x225.jpeg 300w, https:\/\/wuerfelversum.de\/wp-content\/uploads\/2020\/10\/WhatsApp-Image-2019-12-09-at-14.37.17-768x576.jpeg 768w, https:\/\/wuerfelversum.de\/wp-content\/uploads\/2020\/10\/WhatsApp-Image-2019-12-09-at-14.37.17-1536x1152.jpeg 1536w, https:\/\/wuerfelversum.de\/wp-content\/uploads\/2020\/10\/WhatsApp-Image-2019-12-09-at-14.37.17.jpeg 1600w\" sizes=\"auto, (max-width: 1024px) 100vw, 1024px\" \/><\/figure>\n\n\n\n<figure class=\"wp-block-image size-large\"><img loading=\"lazy\" decoding=\"async\" width=\"1024\" height=\"768\" src=\"https:\/\/wuerfelversum.de\/wp-content\/uploads\/2020\/10\/WhatsApp-Image-2019-12-09-at-14.36.32-1024x768.jpeg\" alt=\"\" class=\"wp-image-131\" srcset=\"https:\/\/wuerfelversum.de\/wp-content\/uploads\/2020\/10\/WhatsApp-Image-2019-12-09-at-14.36.32-1024x768.jpeg 1024w, https:\/\/wuerfelversum.de\/wp-content\/uploads\/2020\/10\/WhatsApp-Image-2019-12-09-at-14.36.32-300x225.jpeg 300w, https:\/\/wuerfelversum.de\/wp-content\/uploads\/2020\/10\/WhatsApp-Image-2019-12-09-at-14.36.32-768x576.jpeg 768w, https:\/\/wuerfelversum.de\/wp-content\/uploads\/2020\/10\/WhatsApp-Image-2019-12-09-at-14.36.32-1536x1152.jpeg 1536w, https:\/\/wuerfelversum.de\/wp-content\/uploads\/2020\/10\/WhatsApp-Image-2019-12-09-at-14.36.32.jpeg 1600w\" sizes=\"auto, (max-width: 1024px) 100vw, 1024px\" \/><\/figure>\n","protected":false},"excerpt":{"rendered":"<p>Ich biete Feuer- und LED-Shows zu besonderen Anl\u00e4ssen wie Geburtstage, Gesch\u00e4ftser\u00f6ffnungen, Events, Hochzeiten etc. an. Durch Corona m\u00fcssen wir schauen, &hellip; <a href=\"https:\/\/wuerfelversum.de\/index.php\/feuerkunst-led-tanz\/\" class=\"more-link\">More <span class=\"screen-reader-text\">Feuerkunst &#038; LED-Tanz<\/span> <span class=\"meta-nav\">&rarr;<\/span><\/a><\/p>\n","protected":false},"author":1,"featured_media":0,"parent":0,"menu_order":0,"comment_status":"closed","ping_status":"closed","template":"","meta":{"footnotes":""},"class_list":["post-51","page","type-page","status-publish","hentry"],"_links":{"self":[{"href":"https:\/\/wuerfelversum.de\/index.php\/wp-json\/wp\/v2\/pages\/51","targetHints":{"allow":["GET"]}}],"collection":[{"href":"https:\/\/wuerfelversum.de\/index.php\/wp-json\/wp\/v2\/pages"}],"about":[{"href":"https:\/\/wuerfelversum.de\/index.php\/wp-json\/wp\/v2\/types\/page"}],"author":[{"embeddable":true,"href":"https:\/\/wuerfelversum.de\/index.php\/wp-json\/wp\/v2\/users\/1"}],"replies":[{"embeddable":true,"href":"https:\/\/wuerfelversum.de\/index.php\/wp-json\/wp\/v2\/comments?post=51"}],"version-history":[{"count":7,"href":"https:\/\/wuerfelversum.de\/index.php\/wp-json\/wp\/v2\/pages\/51\/revisions"}],"predecessor-version":[{"id":292,"href":"https:\/\/wuerfelversum.de\/index.php\/wp-json\/wp\/v2\/pages\/51\/revisions\/292"}],"wp:attachment":[{"href":"https:\/\/wuerfelversum.de\/index.php\/wp-json\/wp\/v2\/media?parent=51"}],"curies":[{"name":"wp","href":"https:\/\/api.w.org\/{rel}","templated":true}]}}