{"id":231,"date":"2022-09-19T05:09:00","date_gmt":"2022-09-19T03:09:00","guid":{"rendered":"https:\/\/wuerfelversum.de\/?page_id=231"},"modified":"2024-07-08T18:50:08","modified_gmt":"2024-07-08T16:50:08","slug":"agb","status":"publish","type":"page","link":"https:\/\/wuerfelversum.de\/index.php\/agb\/","title":{"rendered":"AGB"},"content":{"rendered":"\n<p><strong>Kontaktaufnahme<\/strong> <\/p>\n\n\n\n<p>Bitte nehmen Sie erst per eMail Kontakt auf und vereinbaren Sie einen Telefontermin. Unangemeldete Anrufe k\u00f6nnen auf Grund von Terminvergaben nicht angenommen werden. wuerfelversum@gmail.com.<\/p>\n\n\n\n<p><strong>Versand<\/strong><br>Siehe Artikeldetails f\u00fcr voraussichtliche Liefertermine.<\/p>\n\n\n\n<p><strong>Zoll- und Einfuhrgeb\u00fchren<\/strong><br>K\u00e4ufer sind f\u00fcr eventuell anfallende Zoll- oder Einfuhrgeb\u00fchren verantwortlich. Ich bin nicht f\u00fcr Verz\u00f6gerungen verantwortlich, die durch den Zoll entstehen.<\/p>\n\n\n\n<p><strong>Zahlungsm\u00f6glichkeiten<\/strong><br>PayPal mit K\u00e4uferschutz<br>\u00dcberweisung<br>Barzahlung bei Abholung<\/p>\n\n\n\n<p><strong>R\u00fcckgaben &amp; Umtausch<\/strong><br>F\u00fcr R\u00fcckgaben kontaktiere mich innerhalb von 14 Tagen nach Liefereingang.<br>Kontaktaufnahmen bei Problemen mit der Bestellung: Wuerfelversum@gmail.com<\/p>\n\n\n\n<p><strong>F\u00fcr folgende Artikel ist keine R\u00fcckgabe und kein Umtausch m\u00f6glich<\/strong><br>Aufgrund der Art dieser Produkte ist f\u00fcr folgende Produkte kein Widerruf m\u00f6glich. Anderes gilt, wenn die Produkte bei der Lieferung defekt oder besch\u00e4digt waren.<br>&#8211; Spezialanfertigungen oder personalisierte Bestellungen<br>&#8211; Digitale Downloads<br>&#8211; Artikel im Ausverkauf<\/p>\n\n\n\n<p><strong>R\u00fcckgabebedingungen<\/strong><br>K\u00e4ufer tragen die Versandkosten f\u00fcr R\u00fcckgaben. Falls der Artikel nicht in seinem Originalzustand zur\u00fcckgegeben wird, ist der K\u00e4ufer f\u00fcr jeglichen Wertverlust verantwortlich. Personalisierte Artikel oder Sonderanfertigungen sind vom Umtausch ausgeschlossen.<\/p>\n\n\n\n<p><strong>Abbildungen und Farbabweichungen<\/strong><br>Durch Monitoreinstellungen k\u00f6nnen Farben vom Original abweichen. <br><\/p>\n\n\n\n<p><strong>Zuletzt aktualisiert am  25.04.2024<\/strong><\/p>\n","protected":false},"excerpt":{"rendered":"<p>Kontaktaufnahme Bitte nehmen Sie erst per eMail Kontakt auf und vereinbaren Sie einen Telefontermin. Unangemeldete Anrufe k\u00f6nnen auf Grund von &hellip; <a href=\"https:\/\/wuerfelversum.de\/index.php\/agb\/\" class=\"more-link\">More <span class=\"screen-reader-text\">AGB<\/span> <span class=\"meta-nav\">&rarr;<\/span><\/a><\/p>\n","protected":false},"author":1,"featured_media":0,"parent":0,"menu_order":0,"comment_status":"closed","ping_status":"closed","template":"","meta":{"footnotes":""},"class_list":["post-231","page","type-page","status-publish","hentry"],"_links":{"self":[{"href":"https:\/\/wuerfelversum.de\/index.php\/wp-json\/wp\/v2\/pages\/231","targetHints":{"allow":["GET"]}}],"collection":[{"href":"https:\/\/wuerfelversum.de\/index.php\/wp-json\/wp\/v2\/pages"}],"about":[{"href":"https:\/\/wuerfelversum.de\/index.php\/wp-json\/wp\/v2\/types\/page"}],"author":[{"embeddable":true,"href":"https:\/\/wuerfelversum.de\/index.php\/wp-json\/wp\/v2\/users\/1"}],"replies":[{"embeddable":true,"href":"https:\/\/wuerfelversum.de\/index.php\/wp-json\/wp\/v2\/comments?post=231"}],"version-history":[{"count":8,"href":"https:\/\/wuerfelversum.de\/index.php\/wp-json\/wp\/v2\/pages\/231\/revisions"}],"predecessor-version":[{"id":362,"href":"https:\/\/wuerfelversum.de\/index.php\/wp-json\/wp\/v2\/pages\/231\/revisions\/362"}],"wp:attachment":[{"href":"https:\/\/wuerfelversum.de\/index.php\/wp-json\/wp\/v2\/media?parent=231"}],"curies":[{"name":"wp","href":"https:\/\/api.w.org\/{rel}","templated":true}]}}